{"id":1182,"date":"2018-09-24T20:47:00","date_gmt":"2018-09-24T23:47:00","guid":{"rendered":"https:\/\/isfdyt43-bue.infd.edu.ar\/sitio\/?page_id=1182"},"modified":"2024-12-17T20:03:02","modified_gmt":"2024-12-17T23:03:02","slug":"tecnicatura-en-industria-agroalimentaria","status":"publish","type":"page","link":"https:\/\/isfdyt43-bue.infd.edu.ar\/sitio\/tecnicatura-en-industria-agroalimentaria\/","title":{"rendered":"Tecnicatura en Industria Agroalimentaria"},"content":{"rendered":"<p><img decoding=\"async\" loading=\"lazy\" class=\"alignnone size-medium wp-image-1172\" src=\"https:\/\/isfdyt43-bue.infd.edu.ar\/sitio\/wp-content\/uploads\/2018\/09\/Banners-Agroalimentaria-1000x410.jpg\" alt=\"\" width=\"1000\" height=\"410\" srcset=\"https:\/\/isfdyt43-bue.infd.edu.ar\/sitio\/wp-content\/uploads\/2018\/09\/Banners-Agroalimentaria-1000x410.jpg 1000w, https:\/\/isfdyt43-bue.infd.edu.ar\/sitio\/wp-content\/uploads\/2018\/09\/Banners-Agroalimentaria-768x315.jpg 768w, https:\/\/isfdyt43-bue.infd.edu.ar\/sitio\/wp-content\/uploads\/2018\/09\/Banners-Agroalimentaria-1900x778.jpg 1900w\" sizes=\"(max-width: 1000px) 100vw, 1000px\" \/><\/p>\n<p style=\"text-align: center;\"><span style=\"font-family: verdana,geneva; font-size: 10pt; color: #339966;\"><strong>DURACI\u00d3N: 3 a\u00f1os<\/strong><\/span><\/p>\n<p style=\"text-align: center;\"><span style=\"font-family: verdana,geneva; font-size: 10pt; color: #339966;\"><strong>Carrera de Ciclo Cerrado<\/strong><\/span><\/p>\n<p style=\"text-align: center;\"><span style=\"font-family: verdana,geneva; font-size: 10pt; color: #339966;\"><strong>REQUISITOS DE INGRESO: T\u00edtulo del Nivel Medio o Polimodal.<\/strong><\/span><\/p>\n<p style=\"text-align: center;\"><span style=\"font-family: verdana,geneva; font-size: 10pt; color: #339966;\"><strong>Resoluci\u00f3n N\u00b0 <a href=\"http:\/\/servicios.abc.gov.ar\/lainstitucion\/organismos\/consejogeneral\/tecnicatura\/res\/3376_06_industrias_agroalimentarias.pdf\">3373\/06<\/a><\/strong><\/span><\/p>\n<p style=\"text-align: center;\"><span style=\"font-family: verdana,geneva; font-size: 10pt; color: #339966;\"><strong>Turno: Vespertino<\/strong><\/span><\/p>\n<p style=\"text-align: center;\"><span style=\"font-family: verdana,geneva; font-size: 10pt; color: #339966;\"><strong>Modalidad de Cursada: Presencial<\/strong><br><\/span><\/p>\n<p style=\"text-align: left;\"><span style=\"font-family: verdana,geneva; font-size: 10pt; color: #339966;\"><strong>PERFIL EGRESADO<\/strong><\/span><\/p>\n<p style=\"text-align: left;\"><span style=\"font-family: verdana,geneva; font-size: 10pt; color: #339966;\">El T\u00e9cnico Superior en Industrias Agroalimentarias, tendr\u00e1 competencia para ejecutar y supervisar operaciones de industrializaci\u00f3n de alimentos, utilizando las tecnolog\u00edas apropiadas en cada proceso , atendiendo un sistema de control de calidad, participando en estrategias de optimizaci\u00f3n de procesos, asesorando en las normas de manipulaci\u00f3n segura, y actuando con responsabilidad y sentido \u00e9tico en el desempe\u00f1o de su rol profesional.<\/span><\/p>\n<p style=\"text-align: left;\"><span style=\"font-family: verdana,geneva; font-size: 10pt; color: #339966;\"><strong>SALIDA LABORAL<\/strong><\/span><\/p>\n<p style=\"text-align: left;\"><span style=\"font-family: verdana,geneva; font-size: 10pt; color: #339966;\">Los T\u00e9cnicos Superiores en Industrias Agroalimentarias podr\u00e1n desempe\u00f1arse en diferentes contextos. La amplia variedad de industrias de elaboraci\u00f3n de agroalimentos.<br>Podr\u00e1 desempe\u00f1arse en microempredimientos con total idoneidad en cuanto a los procesos de manipulaci\u00f3n de materias primas y procesos, como as\u00ed tambi\u00e9n en lo que a su organizaci\u00f3n y gesti\u00f3n se refiere, en los organismos oficiales y privados de control de calidad y realizando actividades de asesoramiento y asistencia t\u00e9cnica.<\/span><\/p>\n<p style=\"text-align: left;\"><strong><span style=\"font-family: verdana,geneva; font-size: 10pt; color: #339966;\">Las \u00e1reas ocupacionales de competencia que se consideran pertinentes para trabajar son:<\/span><\/strong><\/p>\n<ul>\n<li style=\"list-style-type: none;\">\n<ul>\n<li><span style=\"color: #339966;\">Industrias c\u00e1rnicas: frigor\u00edficos de carne vacuna, porcina, conejos, liebres, aves.<\/span><\/li>\n<li><span style=\"color: #339966;\">Industrias l\u00e1cteas<\/span><\/li>\n<li><span style=\"color: #339966;\">Industrializaci\u00f3n de frutas, verduras, hortalizas y legumbres.<\/span><\/li>\n<li><span style=\"color: #339966;\">Laboratorios microbiol\u00f3gicos de control de calidad<\/span><\/li>\n<li><span style=\"color: #339966;\">Gesti\u00f3n de micro emprendimientos<\/span><\/li>\n<li><span style=\"color: #339966;\">Capacitaci\u00f3n de operarios.<\/span><\/li>\n<\/ul>\n<\/li>\n<\/ul>\n\n\n<p class=\"has-text-align-center\"><\/p>\n","protected":false},"excerpt":{"rendered":"<p>DURACI\u00d3N: 3 a\u00f1os Carrera de Ciclo Cerrado REQUISITOS DE INGRESO: T\u00edtulo del Nivel Medio o Polimodal. Resoluci\u00f3n N\u00b0 3373\/06 Turno: Vespertino Modalidad de Cursada: Presencial PERFIL EGRESADO El T\u00e9cnico Superior en Industrias Agroalimentarias, tendr\u00e1 competencia para ejecutar y supervisar operaciones de industrializaci\u00f3n de alimentos, utilizando las tecnolog\u00edas apropiadas en cada proceso , atendiendo un sistema &#8230; <a title=\"Tecnicatura en Industria Agroalimentaria\" class=\"read-more\" href=\"https:\/\/isfdyt43-bue.infd.edu.ar\/sitio\/tecnicatura-en-industria-agroalimentaria\/\" aria-label=\"More on Tecnicatura en Industria Agroalimentaria\">[+]<\/a><\/p>\n","protected":false},"author":65,"featured_media":0,"parent":0,"menu_order":0,"comment_status":"closed","ping_status":"closed","template":"","meta":[],"acf":[],"_links":{"self":[{"href":"https:\/\/isfdyt43-bue.infd.edu.ar\/sitio\/wp-json\/wp\/v2\/pages\/1182"}],"collection":[{"href":"https:\/\/isfdyt43-bue.infd.edu.ar\/sitio\/wp-json\/wp\/v2\/pages"}],"about":[{"href":"https:\/\/isfdyt43-bue.infd.edu.ar\/sitio\/wp-json\/wp\/v2\/types\/page"}],"author":[{"embeddable":true,"href":"https:\/\/isfdyt43-bue.infd.edu.ar\/sitio\/wp-json\/wp\/v2\/users\/65"}],"replies":[{"embeddable":true,"href":"https:\/\/isfdyt43-bue.infd.edu.ar\/sitio\/wp-json\/wp\/v2\/comments?post=1182"}],"version-history":[{"count":11,"href":"https:\/\/isfdyt43-bue.infd.edu.ar\/sitio\/wp-json\/wp\/v2\/pages\/1182\/revisions"}],"predecessor-version":[{"id":4146,"href":"https:\/\/isfdyt43-bue.infd.edu.ar\/sitio\/wp-json\/wp\/v2\/pages\/1182\/revisions\/4146"}],"wp:attachment":[{"href":"https:\/\/isfdyt43-bue.infd.edu.ar\/sitio\/wp-json\/wp\/v2\/media?parent=1182"}],"curies":[{"name":"wp","href":"https:\/\/api.w.org\/{rel}","templated":true}]}}