{"id":286,"date":"2016-10-31T13:17:59","date_gmt":"2016-10-31T16:17:59","guid":{"rendered":"https:\/\/isfdyt43-bue.infd.edu.ar\/sitio\/?page_id=286"},"modified":"2025-01-08T10:22:16","modified_gmt":"2025-01-08T13:22:16","slug":"inicio","status":"publish","type":"page","link":"https:\/\/isfdyt43-bue.infd.edu.ar\/sitio\/","title":{"rendered":"Inicio"},"content":{"rendered":"<p><span style=\"color: #008000;\"><strong><span style=\"font-family: verdana, geneva; font-size: 10pt;\">\u00ab<em>Educar para la comprensi\u00f3n humana; ah\u00ed se encuentra justamente la Misi\u00f3n Espiritual de la educaci\u00f3n, ense\u00f1ar la comprensi\u00f3n entre las personas, como condici\u00f3n y garant\u00eda de la solidaridad intelectual y moral de la humanidad\u2026<\/em>\u00ab<\/span><\/strong><\/span><\/p>\n<p style=\"text-align: justify;\"><span style=\"color: #008000;\"><strong><span style=\"font-family: verdana, geneva; font-size: 10pt;\">Morin Edgard<\/span><\/strong><\/span><\/p>\n<p style=\"text-align: justify;\"><span style=\"color: #339966; font-family: verdana, geneva; font-size: 10pt;\"><img decoding=\"async\" loading=\"lazy\" src=\"https:\/\/isfdyt43-bue.infd.edu.ar\/sitio\/wp-content\/uploads\/2018\/07\/Logo_Instituto.jpg\" alt=\"Instituto Superior N\u00ba 43\" width=\"1024\" height=\"673\" border=\"0\" \/><\/span><\/p>\n<p style=\"text-align: right;\"><span style=\"color: #008000; font-family: verdana, geneva; font-size: 8pt;\">Autor del logo institucional 2017: Tom\u00e1s Agust\u00edn Perez<\/span><\/p>\n<p style=\"text-align: justify;\"><span style=\"color: #008000; font-family: verdana, geneva;\">El Instituto Superior de Formaci\u00f3n Docente y T\u00e9cnica N\u00b0 43 \u201cLuis Jacinto Santamarina\u201d de la ciudad de Lobos, Regi\u00f3n Educativa 24, forma parte del sistema de Educaci\u00f3n Superior p\u00fablica y gratuita de gesti\u00f3n estatal de la provincia de Buenos Aires<\/span><\/p>\n<p style=\"text-align: justify;\"><span style=\"color: #008000; font-family: verdana, geneva;\">En este sitio encontrar\u00e1n novedades institucionales, informaci\u00f3n de inscripci\u00f3n a las carreras que se abren a\u00f1o a a\u00f1o, adem\u00e1s de orientaciones y a las y los docentes e interesados en formar parte de nuestra comunidad educativa del ISFDyT N\u00b0 43.<\/span><\/p>\n<p style=\"text-align: justify;\"><span style=\"color: #008000;\">El Instituto Superior de Formaci\u00f3n Docente y T\u00e9cnica N\u00b0 43 de Lobos es uno de los 178 institutos superiores de formaci\u00f3n docente (ISFD) y formaci\u00f3n t\u00e9cnica (ISFDyT) de la provincia de Buenos Aires, y una de las 8 instituciones de Educaci\u00f3n Superior de la R24 que integra la Red Virtual de Institutos Superiores de Formaci\u00f3n Docente coordinada por el  Instituto Nacional de Formaci\u00f3n Docente (INFoD) dependiente del Ministerio de Educaci\u00f3n de la Naci\u00f3n Argentina.<\/span><\/p>\n<h5>Santamarina 183 \u2013 Lobos (7240) &#8211; Intersecci\u00f3n de Rutas Nac. 205 y Prov. 41<\/h5>\n<p>T.E.: (02227) 43-0076\u00a0 &#8211; Email: isfdyt43lobos@abc.gob.ar<\/p>\n<div id=\"metaslider-id-403\" style=\"width: 100%;\" class=\"ml-slider-3-33-0 metaslider metaslider-flex metaslider-403 ml-slider ms-theme-default\" role=\"region\" aria-roledescription=\"Slideshow\" aria-label=\"Slideshow\">\n    <div id=\"metaslider_container_403\">\n        <div id=\"metaslider_403\" class=\"flexslider\">\n            <ul aria-live=\"polite\" class=\"slides\">\n                <li style=\"display: block; width: 100%;\" class=\"slide-2349 ms-image\" aria-roledescription=\"slide\" aria-label=\"slide-2349\"><a href=\"https:\/\/www.facebook.com\/Ciie-Lobos-1362328283823143\" target=\"_self\"><img src=\"https:\/\/isfdyt43-bue.infd.edu.ar\/sitio\/wp-content\/uploads\/2021\/11\/CIIE-Logo-Base-1600x421.jpg\" height=\"500\" width=\"1900\" alt=\"\" class=\"slider-403 slide-2349\" title=\"CIIE Logo Base\" \/><\/a><\/li>\n                <li style=\"display: none; width: 100%;\" class=\"slide-944 ms-image\" aria-roledescription=\"slide\" aria-label=\"slide-944\"><a href=\"https:\/\/abc.gob.ar\/secretarias\/areas\/subsecretaria-de-educacion\/tecnologia-educativa\/tecnologia-educativa\/direccion-de-tecnologia\" target=\"_self\"><img src=\"https:\/\/isfdyt43-bue.infd.edu.ar\/sitio\/wp-content\/uploads\/2021\/02\/118515907_1404993433039674_2302255046163533460_n-843x222.png\" height=\"500\" width=\"1900\" alt=\"\" class=\"slider-403 slide-944\" title=\"118515907_1404993433039674_2302255046163533460_n\" \/><\/a><\/li>\n                <li style=\"display: none; width: 100%;\" class=\"slide-2344 ms-image\" aria-roledescription=\"slide\" aria-label=\"slide-2344\"><a href=\"https:\/\/continuemosestudiando.abc.gob.ar\/\" target=\"_self\"><img src=\"https:\/\/isfdyt43-bue.infd.edu.ar\/sitio\/wp-content\/uploads\/2021\/02\/banner_continuidad.jpg\" height=\"500\" width=\"1900\" alt=\"\" class=\"slider-403 slide-2344\" title=\"Web\" \/><\/a><\/li>\n                <li style=\"display: none; width: 100%;\" class=\"slide-2346 ms-image\" aria-roledescription=\"slide\" aria-label=\"slide-2346\"><a href=\"http:\/\/www.abc.gov.ar\/\" target=\"_self\"><img src=\"https:\/\/isfdyt43-bue.infd.edu.ar\/sitio\/wp-content\/uploads\/2021\/02\/minieseduc-1600x421.jpg\" height=\"500\" width=\"1900\" alt=\"\" class=\"slider-403 slide-2346\" title=\"minieseduc\" \/><\/a><\/li>\n                <li style=\"display: none; width: 100%;\" class=\"slide-2350 ms-image\" aria-roledescription=\"slide\" aria-label=\"slide-2350\"><a href=\"https:\/\/red.infd.edu.ar\/\" target=\"_self\"><img src=\"https:\/\/isfdyt43-bue.infd.edu.ar\/sitio\/wp-content\/uploads\/2021\/02\/infod-1600x421.jpg\" height=\"500\" width=\"1900\" alt=\"\" class=\"slider-403 slide-2350\" title=\"infod\" \/><\/a><\/li>\n            <\/ul>\n        <\/div>\n        \n    <\/div>\n<\/div>\n","protected":false},"excerpt":{"rendered":"<p>\u00abEducar para la comprensi\u00f3n humana; ah\u00ed se encuentra justamente la Misi\u00f3n Espiritual de la educaci\u00f3n, ense\u00f1ar la comprensi\u00f3n entre las personas, como condici\u00f3n y garant\u00eda de la solidaridad intelectual y moral de la humanidad\u2026\u00ab Morin Edgard Autor del logo institucional 2017: Tom\u00e1s Agust\u00edn Perez El Instituto Superior de Formaci\u00f3n Docente y T\u00e9cnica N\u00b0 43 \u201cLuis &#8230; <a title=\"Inicio\" class=\"read-more\" href=\"https:\/\/isfdyt43-bue.infd.edu.ar\/sitio\/\" aria-label=\"More on Inicio\">[+]<\/a><\/p>\n","protected":false},"author":1,"featured_media":0,"parent":0,"menu_order":0,"comment_status":"closed","ping_status":"closed","template":"","meta":[],"acf":[],"_links":{"self":[{"href":"https:\/\/isfdyt43-bue.infd.edu.ar\/sitio\/wp-json\/wp\/v2\/pages\/286"}],"collection":[{"href":"https:\/\/isfdyt43-bue.infd.edu.ar\/sitio\/wp-json\/wp\/v2\/pages"}],"about":[{"href":"https:\/\/isfdyt43-bue.infd.edu.ar\/sitio\/wp-json\/wp\/v2\/types\/page"}],"author":[{"embeddable":true,"href":"https:\/\/isfdyt43-bue.infd.edu.ar\/sitio\/wp-json\/wp\/v2\/users\/1"}],"replies":[{"embeddable":true,"href":"https:\/\/isfdyt43-bue.infd.edu.ar\/sitio\/wp-json\/wp\/v2\/comments?post=286"}],"version-history":[{"count":111,"href":"https:\/\/isfdyt43-bue.infd.edu.ar\/sitio\/wp-json\/wp\/v2\/pages\/286\/revisions"}],"predecessor-version":[{"id":4265,"href":"https:\/\/isfdyt43-bue.infd.edu.ar\/sitio\/wp-json\/wp\/v2\/pages\/286\/revisions\/4265"}],"wp:attachment":[{"href":"https:\/\/isfdyt43-bue.infd.edu.ar\/sitio\/wp-json\/wp\/v2\/media?parent=286"}],"curies":[{"name":"wp","href":"https:\/\/api.w.org\/{rel}","templated":true}]}}