{"id":3696,"date":"2023-12-29T20:09:43","date_gmt":"2023-12-29T23:09:43","guid":{"rendered":"https:\/\/isfdyt43-bue.infd.edu.ar\/sitio\/?page_id=3696"},"modified":"2024-12-05T19:56:26","modified_gmt":"2024-12-05T22:56:26","slug":"cuando-vencen-las-cursadas-de-las-materias","status":"publish","type":"page","link":"https:\/\/isfdyt43-bue.infd.edu.ar\/sitio\/cuando-vencen-las-cursadas-de-las-materias\/","title":{"rendered":"\u00bfCu\u00e1ndo vencen las cursadas de las materias?"},"content":{"rendered":"\n<p>La aprobaci\u00f3n de la cursada tendr\u00e1 una validez de 5 (cinco) a\u00f1os. Pasados dos a\u00f1os, la evaluaci\u00f3n final se ajustar\u00e1 a la propuesta de c\u00e1tedra vigente al momento de la presentaci\u00f3n del estudiante a la instancia de acreditaci\u00f3n. Es importante se\u00f1alar que no se consideran dentro de los 5 (cinco) a\u00f1os de validez aquellos atravesados por la pandemia, es decir, 2020 y 2021.<\/p>\n\n\n\n<p>Cursada aprobada en el a\u00f1o:<\/p>\n\n\n\n<ul>\n<li>2015 vence en el llamado de febrero\/marzo 2023.<\/li>\n\n\n\n<li>2016 vence en el llamado de febrero\/marzo 2024.<\/li>\n\n\n\n<li>2017 vence en el llamado de febrero\/marzo 2025.<\/li>\n\n\n\n<li>2018 vence en el llamado de febrero\/marzo 2026.<\/li>\n\n\n\n<li>2019 vence en el llamado de febrero\/marzo 2027.<\/li>\n\n\n\n<li>2020 vence en el llamado de febrero\/marzo 2027.<\/li>\n\n\n\n<li>2021 vence en el llamado de febrero\/marzo 2027.<\/li>\n\n\n\n<li>2022 vence en el llamado de febrero\/marzo 2028.<\/li>\n\n\n\n<li>2023 vence en el llamado de febrero\/marzo 2029.<\/li>\n\n\n\n<li>2024 vence en el llamado de febrero\/marzo 2030.<\/li>\n\n\n\n<li>2025 sujetas al nuevo r\u00e9gimen acad\u00e9mico. Res. <a href=\"https:\/\/drive.google.com\/drive\/folders\/19tWfWD1Vx6nHhA8v5Nt7HAiXuZyzSy39?usp=sharing\" data-type=\"URL\" data-id=\"https:\/\/drive.google.com\/drive\/folders\/19tWfWD1Vx6nHhA8v5Nt7HAiXuZyzSy39?usp=sharing\" target=\"_blank\" rel=\"noreferrer noopener\">4196\/24<\/a>.<\/li>\n<\/ul>\n","protected":false},"excerpt":{"rendered":"<p>La aprobaci\u00f3n de la cursada tendr\u00e1 una validez de 5 (cinco) a\u00f1os. Pasados dos a\u00f1os, la evaluaci\u00f3n final se ajustar\u00e1 a la propuesta de c\u00e1tedra vigente al momento de la presentaci\u00f3n del estudiante a la instancia de acreditaci\u00f3n. Es importante se\u00f1alar que no se consideran dentro de los 5 (cinco) a\u00f1os de validez aquellos atravesados &#8230; <a title=\"\u00bfCu\u00e1ndo vencen las cursadas de las materias?\" class=\"read-more\" href=\"https:\/\/isfdyt43-bue.infd.edu.ar\/sitio\/cuando-vencen-las-cursadas-de-las-materias\/\" aria-label=\"More on \u00bfCu\u00e1ndo vencen las cursadas de las materias?\">[+]<\/a><\/p>\n","protected":false},"author":65,"featured_media":0,"parent":0,"menu_order":0,"comment_status":"closed","ping_status":"closed","template":"","meta":[],"acf":[],"_links":{"self":[{"href":"https:\/\/isfdyt43-bue.infd.edu.ar\/sitio\/wp-json\/wp\/v2\/pages\/3696"}],"collection":[{"href":"https:\/\/isfdyt43-bue.infd.edu.ar\/sitio\/wp-json\/wp\/v2\/pages"}],"about":[{"href":"https:\/\/isfdyt43-bue.infd.edu.ar\/sitio\/wp-json\/wp\/v2\/types\/page"}],"author":[{"embeddable":true,"href":"https:\/\/isfdyt43-bue.infd.edu.ar\/sitio\/wp-json\/wp\/v2\/users\/65"}],"replies":[{"embeddable":true,"href":"https:\/\/isfdyt43-bue.infd.edu.ar\/sitio\/wp-json\/wp\/v2\/comments?post=3696"}],"version-history":[{"count":3,"href":"https:\/\/isfdyt43-bue.infd.edu.ar\/sitio\/wp-json\/wp\/v2\/pages\/3696\/revisions"}],"predecessor-version":[{"id":4104,"href":"https:\/\/isfdyt43-bue.infd.edu.ar\/sitio\/wp-json\/wp\/v2\/pages\/3696\/revisions\/4104"}],"wp:attachment":[{"href":"https:\/\/isfdyt43-bue.infd.edu.ar\/sitio\/wp-json\/wp\/v2\/media?parent=3696"}],"curies":[{"name":"wp","href":"https:\/\/api.w.org\/{rel}","templated":true}]}}