{"id":830,"date":"2018-07-02T18:52:59","date_gmt":"2018-07-02T21:52:59","guid":{"rendered":"https:\/\/isfdyt43-bue.infd.edu.ar\/sitio\/autoridades\/"},"modified":"2023-09-13T20:00:03","modified_gmt":"2023-09-13T23:00:03","slug":"autoridades","status":"publish","type":"page","link":"https:\/\/isfdyt43-bue.infd.edu.ar\/sitio\/autoridades\/","title":{"rendered":"Autoridades"},"content":{"rendered":"<p style=\"text-align: center;\"><span style=\"font-size: 10pt; font-family: verdana, geneva, sans-serif; color: #339966;\"><strong>EQUIPO DE CONDUCCI\u00d3N<\/strong><\/span><\/p>\n<table width=\"1146\">\n<tbody>\n<tr>\n<td rowspan=\"2\" width=\"118\">\n<p style=\"text-align: center;\"><span style=\"font-size: 9pt; font-family: verdana, geneva, sans-serif; color: #339966;\"><strong>CARGO<\/strong><\/span><\/p>\n<\/td>\n<td rowspan=\"2\" width=\"201\">\n<p style=\"text-align: center;\"><span style=\"font-size: 9pt; font-family: verdana, geneva, sans-serif; color: #339966;\"><strong>APELLIDO Y NOMBRE<\/strong><\/span><\/p>\n<\/td>\n<td colspan=\"5\" width=\"827\">\n<p style=\"text-align: center;\"><span style=\"font-size: 9pt; font-family: verdana, geneva, sans-serif; color: #339966;\"><strong>HORARIO DE DESEMPE\u00d1O<\/strong><\/span><\/p>\n<\/td>\n<\/tr>\n<tr>\n<td width=\"154\">\n<p style=\"text-align: center;\"><span style=\"font-size: 9pt; font-family: verdana, geneva, sans-serif; color: #339966;\"><strong>LUNES<\/strong><\/span><\/p>\n<\/td>\n<td width=\"165\">\n<p style=\"text-align: center;\"><span style=\"font-size: 9pt; font-family: verdana, geneva, sans-serif; color: #339966;\"><strong>MARTES<\/strong><\/span><\/p>\n<\/td>\n<td width=\"177\">\n<p style=\"text-align: center;\"><span style=\"font-size: 9pt; font-family: verdana, geneva, sans-serif; color: #339966;\"><strong>MI\u00c9RCOLES<\/strong><\/span><\/p>\n<\/td>\n<td width=\"165\">\n<p style=\"text-align: center;\"><span style=\"font-size: 9pt; font-family: verdana, geneva, sans-serif; color: #339966;\"><strong>JUEVES<\/strong><\/span><\/p>\n<\/td>\n<td width=\"165\">\n<p style=\"text-align: center;\"><span style=\"font-size: 9pt; font-family: verdana, geneva, sans-serif; color: #339966;\"><strong>VIERNES<\/strong><\/span><\/p>\n<\/td>\n<\/tr>\n<tr>\n<td width=\"118\"><strong><span style=\"font-size: 9pt; font-family: verdana, geneva, sans-serif; color: #339966;\">Director<\/span><\/strong><\/td>\n<td width=\"201\"><strong><span style=\"font-size: 9pt; font-family: verdana, geneva, sans-serif; color: #339966;\">GARCIA, Pablo<\/span><\/strong><\/td>\n<td width=\"154\">\n<p style=\"text-align: center;\"><span style=\"font-size: 9pt; font-family: verdana, geneva, sans-serif; color: #339966;\">17:30 a 22:00<\/span><\/p>\n<\/td>\n<td width=\"165\">\n<p style=\"text-align: center;\"><span style=\"font-size: 9pt; font-family: verdana, geneva, sans-serif; color: #339966;\">8:00 a 12:30<\/span><\/p>\n<\/td>\n<td width=\"177\">\n<p style=\"text-align: center;\"><span style=\"font-size: 9pt; font-family: verdana, geneva, sans-serif; color: #339966;\">8:00 a 12:30<\/span><\/p>\n<\/td>\n<td style=\"text-align: center;\" width=\"165\"><span style=\"font-size: 9pt; font-family: verdana, geneva, sans-serif; color: #339966;\">17:30 a 22:00<\/span><\/td>\n<td style=\"text-align: center;\" width=\"165\"><span style=\"font-size: 9pt; font-family: verdana, geneva, sans-serif; color: #339966;\">17:30 a 22:00<\/span><\/td>\n<\/tr>\n<tr>\n<td width=\"118\"><strong><span style=\"font-size: 9pt; font-family: verdana, geneva, sans-serif; color: #339966;\">Regente<\/span><\/strong><\/td>\n<td width=\"201\"><strong><span style=\"font-size: 9pt; font-family: verdana, geneva, sans-serif; color: #339966;\">EULA, Natalia<\/span><\/strong><\/td>\n<td width=\"154\">\n<p style=\"text-align: center;\"><span style=\"font-size: 9pt; font-family: verdana, geneva, sans-serif; color: #339966;\">17:30 a 22:00<\/span><\/p>\n<\/td>\n<td width=\"165\">\n<p style=\"text-align: center;\"><span style=\"font-size: 9pt; font-family: verdana, geneva, sans-serif; color: #339966;\">8:00 a 12:30<\/span><\/p>\n<\/td>\n<td width=\"177\">\n<p style=\"text-align: center;\"><span style=\"font-size: 9pt; font-family: verdana, geneva, sans-serif; color: #339966;\">8:00 a 12:30<\/span><\/p>\n<\/td>\n<td width=\"165\">\n<p style=\"text-align: center;\"><span style=\"font-size: 9pt; font-family: verdana, geneva, sans-serif; color: #339966;\">8:00 a 12:30<\/span><\/p>\n<\/td>\n<td width=\"165\">\n<p style=\"text-align: center;\"><span style=\"font-size: 9pt; font-family: verdana, geneva, sans-serif; color: #339966;\">8:00 a 12:30<\/span><\/p>\n<\/td>\n<\/tr>\n<tr>\n<td width=\"118\"><strong><span style=\"font-size: 9pt; font-family: verdana, geneva, sans-serif; color: #339966;\">Regente<\/span><\/strong><\/td>\n<td width=\"201\"><strong><span style=\"font-size: 9pt; font-family: verdana, geneva, sans-serif; color: #339966;\">PICCONE, Anabela<\/span><\/strong><\/td>\n<td width=\"154\">\n<p style=\"text-align: center;\"><span style=\"font-size: 9pt; font-family: verdana, geneva, sans-serif; color: #339966;\">17:30 a 22:00<\/span><\/p>\n<\/td>\n<td width=\"165\">\n<p style=\"text-align: center;\"><span style=\"font-size: 9pt; font-family: verdana, geneva, sans-serif; color: #339966;\">17:30 a 22:00<\/span><\/p>\n<\/td>\n<td width=\"177\">\n<p style=\"text-align: center;\"><span style=\"font-size: 9pt; font-family: verdana, geneva, sans-serif; color: #339966;\">8:00 a 12:30<\/span><\/p>\n<\/td>\n<td width=\"165\">\n<p style=\"text-align: center;\"><span style=\"font-size: 9pt; font-family: verdana, geneva, sans-serif; color: #339966;\">17:30 a 22:00<\/span><\/p>\n<\/td>\n<td width=\"165\">\n<p style=\"text-align: center;\"><span style=\"font-size: 9pt; font-family: verdana, geneva, sans-serif; color: #339966;\">17:30 a 22:00<\/span><\/p>\n<\/td>\n<\/tr>\n<tr>\n<td width=\"118\"><strong><span style=\"font-size: 9pt; font-family: verdana, geneva, sans-serif; color: #339966;\">Regente<\/span><\/strong><\/td>\n<td width=\"201\"><strong><span style=\"font-size: 9pt; font-family: verdana, geneva, sans-serif; color: #339966;\">ALBA, Luciana<\/span><\/strong><\/td>\n<td width=\"154\">\n<p style=\"text-align: center;\"><span style=\"font-size: 9pt; font-family: verdana, geneva, sans-serif; color: #339966;\">8:00 a 12:30<\/span><\/p>\n<\/td>\n<td width=\"165\">\n<p style=\"text-align: center;\"><span style=\"font-size: 9pt; font-family: verdana, geneva, sans-serif; color: #339966;\">8:00 a 12:30<\/span><\/p>\n<\/td>\n<td width=\"177\">\n<p style=\"text-align: center;\"><span style=\"font-size: 9pt; font-family: verdana, geneva, sans-serif; color: #339966;\">8:00 a 12:30<\/span><\/p>\n<\/td>\n<td width=\"165\">\n<p style=\"text-align: center;\"><span style=\"font-size: 9pt; font-family: verdana, geneva, sans-serif; color: #339966;\">17:30 a 22:00<\/span><\/p>\n<\/td>\n<td width=\"165\">\n<p style=\"text-align: center;\"><span style=\"font-size: 9pt; font-family: verdana, geneva, sans-serif; color: #339966;\">17:30 a 22:00<\/span><\/p>\n<\/td>\n<\/tr>\n<tr>\n<td width=\"118\"><strong><span style=\"font-size: 9pt; font-family: verdana, geneva, sans-serif; color: #339966;\">Secretaria<\/span><\/strong><\/td>\n<td width=\"201\"><strong><span style=\"font-size: 9pt; font-family: verdana, geneva, sans-serif; color: #339966;\">PRECIADO, Ana<\/span><\/strong><\/td>\n<td width=\"154\">\n<p style=\"text-align: center;\"><span style=\"font-size: 9pt; font-family: verdana, geneva, sans-serif; color: #339966;\">17:30 a 22:00<\/span><\/p>\n<\/td>\n<td width=\"165\">\n<p style=\"text-align: center;\"><span style=\"font-size: 9pt; font-family: verdana, geneva, sans-serif; color: #339966;\">9:00 a 13:30<\/span><\/p>\n<\/td>\n<td width=\"177\">\n<p style=\"text-align: center;\"><span style=\"font-size: 9pt; font-family: verdana, geneva, sans-serif; color: #339966;\">17:30 a 22:00<\/span><\/p>\n<\/td>\n<td width=\"165\">\n<p style=\"text-align: center;\"><span style=\"font-size: 9pt; font-family: verdana, geneva, sans-serif; color: #339966;\">9:00 a 13:30<\/span><\/p>\n<\/td>\n<td width=\"165\">\n<p style=\"text-align: center;\"><span style=\"font-size: 9pt; font-family: verdana, geneva, sans-serif; color: #339966;\">17:30 a 22:00<\/span><\/p>\n<\/td>\n<\/tr>\n<tr>\n<td width=\"118\"><strong><span style=\"font-size: 9pt; font-family: verdana, geneva, sans-serif; color: #339966;\">Jefe de \u00c1rea<\/span><\/strong><\/td>\n<td width=\"201\"><strong><span style=\"font-size: 9pt; font-family: verdana, geneva, sans-serif; color: #339966;\">ALBA, Eugenio<\/span><\/strong><\/td>\n<td width=\"154\"><\/td>\n<td width=\"165\">\n<p style=\"text-align: center;\"><span style=\"font-size: 9pt; font-family: verdana, geneva, sans-serif; color: #339966;\">8:00 a 13:00<\/span><\/p>\n<\/td>\n<td width=\"177\"><\/td>\n<td width=\"165\">\n<p style=\"text-align: center;\"><span style=\"font-size: 9pt; font-family: verdana, geneva, sans-serif; color: #339966;\">12:00 a 13:00<\/span><\/p>\n<\/td>\n<td width=\"165\">\n<p style=\"text-align: center;\"><span style=\"font-size: 9pt; font-family: verdana, geneva, sans-serif; color: #339966;\">8:00 a 10:00<\/span><\/p>\n<p style=\"text-align: center;\"><span style=\"font-size: 9pt; font-family: verdana, geneva, sans-serif; color: #339966;\">11:00 a 13:00<\/span><\/p>\n<\/td>\n<\/tr>\n<tr>\n<td width=\"118\"><strong><span style=\"font-size: 9pt; font-family: verdana, geneva, sans-serif; color: #339966;\">Jefe de \u00c1rea<\/span><\/strong><\/td>\n<td width=\"201\"><strong><span style=\"font-size: 9pt; font-family: verdana, geneva, sans-serif; color: #339966;\">ALONSO, Mar\u00eda<\/span><\/strong><\/td>\n<td width=\"154\">\n<p style=\"text-align: center;\"><span style=\"font-size: 9pt; font-family: verdana, geneva, sans-serif; color: #339966;\">17:00 a 21:00<\/span><\/p>\n<\/td>\n<td width=\"165\">\n<p style=\"text-align: center;\"><span style=\"font-size: 9pt; font-family: verdana, geneva, sans-serif; color: #339966;\">10:00 a 12:00<\/span><\/p>\n<\/td>\n<td width=\"177\"><\/td>\n<td width=\"165\">\n<p style=\"text-align: center;\"><span style=\"font-size: 9pt; font-family: verdana, geneva, sans-serif; color: #339966;\">18:00 a 22:00<\/span><\/p>\n<\/td>\n<td width=\"165\"><\/td>\n<\/tr>\n<tr>\n<td width=\"118\"><strong><span style=\"font-size: 9pt; font-family: verdana, geneva, sans-serif; color: #339966;\">Jefe de \u00c1rea<\/span><\/strong><\/td>\n<td width=\"201\"><strong><span style=\"font-size: 9pt; font-family: verdana, geneva, sans-serif; color: #339966;\">MICCI, Paula<\/span><\/strong><\/td>\n<td width=\"154\">\n<p style=\"text-align: center;\"><span style=\"font-size: 9pt; font-family: verdana, geneva, sans-serif; color: #339966;\">17:30 a 21:30<\/span><\/p>\n<\/td>\n<td width=\"165\"><\/td>\n<td width=\"177\">\n<p style=\"text-align: center;\"><span style=\"font-size: 9pt; font-family: verdana, geneva, sans-serif; color: #339966;\">17:30 a 20:30<\/span><\/p>\n<\/td>\n<td width=\"165\">\n<p style=\"text-align: center;\"><span style=\"font-size: 9pt; font-family: verdana, geneva, sans-serif; color: #339966;\">17:30 a 20:30<\/span><\/p>\n<\/td>\n<td width=\"165\"><\/td>\n<\/tr>\n<tr>\n<td width=\"118\"><strong><span style=\"font-size: 9pt; font-family: verdana, geneva, sans-serif; color: #339966;\">Jefe de \u00c1rea<\/span><\/strong><\/td>\n<td width=\"201\"><strong><span style=\"font-size: 9pt; font-family: verdana, geneva, sans-serif; color: #339966;\">TOMASI, V\u00edctor<\/span><\/strong><\/td>\n<td width=\"154\"><\/td>\n<td width=\"165\"><\/td>\n<td width=\"177\">\n<p style=\"text-align: center;\"><span style=\"font-size: 9pt; font-family: verdana, geneva, sans-serif; color: #339966;\">17:30 a 21:30<\/span><\/p>\n<\/td>\n<td width=\"165\">\n<p style=\"text-align: center;\"><span style=\"font-size: 9pt; font-family: verdana, geneva, sans-serif; color: #339966;\">17:30 a 21:30<\/span><\/p>\n<\/td>\n<td width=\"165\">\n<p style=\"text-align: center;\"><span style=\"font-size: 9pt; font-family: verdana, geneva, sans-serif; color: #339966;\">10:00 a 12:00<\/span><\/p>\n<\/td>\n<\/tr>\n<\/tbody>\n<\/table>\n","protected":false},"excerpt":{"rendered":"<p>EQUIPO DE CONDUCCI\u00d3N CARGO APELLIDO Y NOMBRE HORARIO DE DESEMPE\u00d1O LUNES MARTES MI\u00c9RCOLES JUEVES VIERNES Director GARCIA, Pablo 17:30 a 22:00 8:00 a 12:30 8:00 a 12:30 17:30 a 22:00 17:30 a 22:00 Regente EULA, Natalia 17:30 a 22:00 8:00 a 12:30 8:00 a 12:30 8:00 a 12:30 8:00 a 12:30 Regente PICCONE, Anabela 17:30 &#8230; <a title=\"Autoridades\" class=\"read-more\" href=\"https:\/\/isfdyt43-bue.infd.edu.ar\/sitio\/autoridades\/\" aria-label=\"More on Autoridades\">[+]<\/a><\/p>\n","protected":false},"author":65,"featured_media":0,"parent":0,"menu_order":0,"comment_status":"closed","ping_status":"closed","template":"","meta":[],"acf":[],"_links":{"self":[{"href":"https:\/\/isfdyt43-bue.infd.edu.ar\/sitio\/wp-json\/wp\/v2\/pages\/830"}],"collection":[{"href":"https:\/\/isfdyt43-bue.infd.edu.ar\/sitio\/wp-json\/wp\/v2\/pages"}],"about":[{"href":"https:\/\/isfdyt43-bue.infd.edu.ar\/sitio\/wp-json\/wp\/v2\/types\/page"}],"author":[{"embeddable":true,"href":"https:\/\/isfdyt43-bue.infd.edu.ar\/sitio\/wp-json\/wp\/v2\/users\/65"}],"replies":[{"embeddable":true,"href":"https:\/\/isfdyt43-bue.infd.edu.ar\/sitio\/wp-json\/wp\/v2\/comments?post=830"}],"version-history":[{"count":8,"href":"https:\/\/isfdyt43-bue.infd.edu.ar\/sitio\/wp-json\/wp\/v2\/pages\/830\/revisions"}],"predecessor-version":[{"id":3580,"href":"https:\/\/isfdyt43-bue.infd.edu.ar\/sitio\/wp-json\/wp\/v2\/pages\/830\/revisions\/3580"}],"wp:attachment":[{"href":"https:\/\/isfdyt43-bue.infd.edu.ar\/sitio\/wp-json\/wp\/v2\/media?parent=830"}],"curies":[{"name":"wp","href":"https:\/\/api.w.org\/{rel}","templated":true}]}}