{"id":849,"date":"2018-07-02T18:53:06","date_gmt":"2018-07-02T21:53:06","guid":{"rendered":"https:\/\/isfdyt43-bue.infd.edu.ar\/sitio\/profesorado-de-ingles\/"},"modified":"2026-03-19T11:50:14","modified_gmt":"2026-03-19T14:50:14","slug":"profesorado-de-ingles","status":"publish","type":"page","link":"https:\/\/isfdyt43-bue.infd.edu.ar\/sitio\/profesorado-de-ingles\/","title":{"rendered":"Profesorado de Ingl\u00e9s"},"content":{"rendered":"<p><img decoding=\"async\" loading=\"lazy\" class=\"alignnone size-medium wp-image-4623\" src=\"https:\/\/isfdyt43-bue.infd.edu.ar\/sitio\/wp-content\/uploads\/2025\/12\/Banners-1-1000x382.jpg\" alt=\"\" width=\"1000\" height=\"382\" srcset=\"https:\/\/isfdyt43-bue.infd.edu.ar\/sitio\/wp-content\/uploads\/2025\/12\/Banners-1-1000x382.jpg 1000w, https:\/\/isfdyt43-bue.infd.edu.ar\/sitio\/wp-content\/uploads\/2025\/12\/Banners-1-1900x726.jpg 1900w, https:\/\/isfdyt43-bue.infd.edu.ar\/sitio\/wp-content\/uploads\/2025\/12\/Banners-1-768x294.jpg 768w, https:\/\/isfdyt43-bue.infd.edu.ar\/sitio\/wp-content\/uploads\/2025\/12\/Banners-1-1536x587.jpg 1536w, https:\/\/isfdyt43-bue.infd.edu.ar\/sitio\/wp-content\/uploads\/2025\/12\/Banners-1-2048x783.jpg 2048w\" sizes=\"(max-width: 1000px) 100vw, 1000px\" \/><\/p>\n<p style=\"text-align: center;\"><span style=\"color: #339966; font-family: verdana,geneva; font-size: 10pt;\"><strong>DURACI\u00d3N 4 A\u00d1OS<\/strong><\/span><\/p>\n<p style=\"text-align: center;\"><span style=\"color: #339966; font-family: verdana,geneva; font-size: 10pt;\"><strong>REQUISITOS DE INGRESO: T\u00edtulo del Nivel Medio o Polimodal.<\/strong><\/span><\/p>\n<p style=\"text-align: center;\"><span style=\"color: #339966; font-family: verdana,geneva; font-size: 10pt;\"><strong> Resoluci\u00f3n N\u00ba: <a href=\"https:\/\/isfdyt43-bue.infd.edu.ar\/sitio\/wp-content\/uploads\/2018\/10\/Nuevo-Plan-de-Estudios-Ingles-2017.pdf\">1860\/17<\/a><\/strong><\/span><\/p>\n<p style=\"text-align: center;\"><span style=\"color: #339966; font-family: verdana,geneva; font-size: 10pt;\"><strong>Turno: Vespertino<\/strong><\/span><\/p>\n<p style=\"text-align: center;\"><span style=\"color: #339966; font-family: verdana,geneva; font-size: 10pt;\"><strong>Modalidad de Cursada: Presencial<\/strong><\/span><\/p>\n<p><span style=\"color: #339966; font-family: verdana,geneva; font-size: 10pt;\"><strong><span style=\"text-decoration: underline;\">Objetivo de la carrera:<\/span><\/strong><\/span><\/p>\n<p style=\"text-align: justify;\"><span style=\"color: #339966; font-family: verdana,geneva; font-size: 10pt;\">El objetivo de la carrera de Ingl\u00e9s es brindar todas las herramientas para lograr un desempe\u00f1o fluido en el \u00e1rea idiom\u00e1tica, espec\u00edficamente en Ingl\u00e9s, para la asistencia, traducci\u00f3n, educaci\u00f3n y asesoramiento de personas o instituciones que lo requieran.<\/span><\/p>\n<p><span style=\"color: #339966; font-family: verdana,geneva; font-size: 10pt;\"><strong><span style=\"text-decoration: underline;\">Perfil del Egresado:<\/span><\/strong><\/span><\/p>\n<p style=\"text-align: justify;\"><span style=\"color: #339966; font-family: verdana,geneva; font-size: 10pt;\">El egresado del Profesorado de Ingl\u00e9s es un profesional din\u00e1mico con la habilidad de captar el mensaje necesario y comunicarlo conservando el sentido y objetivo del emisor. Es un profesional esencial en las \u00e1reas comunicacionales de una empresa internacional y en el \u00e1rea de la educaci\u00f3n para transmitir sus t\u00e9cnicas conocidas para el manejo del idioma de mayor peso global.<\/span><\/p>\n<p><span style=\"color: #339966; font-family: verdana,geneva; font-size: 10pt;\"><strong><span style=\"text-decoration: underline;\">Salida laboral:<\/span><\/strong><\/span><\/p>\n<p style=\"text-align: justify;\"><span style=\"color: #339966; font-family: verdana,geneva; font-size: 10pt;\">En el \u00e1mbito de la educaci\u00f3n es tarea del profesional transmitir y capacitar a los alumnos para el entendimiento de las reglas del idioma, las claves y t\u00e9cnicas para que estos puedan tener un manejo fluido del ingl\u00e9s. Tambi\u00e9n podr\u00e1n encargarse de supervisar el \u00e1rea educacional en este aspecto, coordinar equipos de profesores y dise\u00f1ar en conjunto planes organizacionales para una mejor educaci\u00f3n.<\/span><\/p>\n<p style=\"text-align: center;\">\u00a0<\/p>\n\n\n<p class=\"has-text-align-center\"><\/p>\n","protected":false},"excerpt":{"rendered":"<p>DURACI\u00d3N 4 A\u00d1OS REQUISITOS DE INGRESO: T\u00edtulo del Nivel Medio o Polimodal. Resoluci\u00f3n N\u00ba: 1860\/17 Turno: Vespertino Modalidad de Cursada: Presencial Objetivo de la carrera: El objetivo de la carrera de Ingl\u00e9s es brindar todas las herramientas para lograr un desempe\u00f1o fluido en el \u00e1rea idiom\u00e1tica, espec\u00edficamente en Ingl\u00e9s, para la asistencia, traducci\u00f3n, educaci\u00f3n y &#8230; <a title=\"Profesorado de Ingl\u00e9s\" class=\"read-more\" href=\"https:\/\/isfdyt43-bue.infd.edu.ar\/sitio\/profesorado-de-ingles\/\" aria-label=\"More on Profesorado de Ingl\u00e9s\">[+]<\/a><\/p>\n","protected":false},"author":65,"featured_media":0,"parent":0,"menu_order":0,"comment_status":"closed","ping_status":"closed","template":"","meta":[],"acf":[],"_links":{"self":[{"href":"https:\/\/isfdyt43-bue.infd.edu.ar\/sitio\/wp-json\/wp\/v2\/pages\/849"}],"collection":[{"href":"https:\/\/isfdyt43-bue.infd.edu.ar\/sitio\/wp-json\/wp\/v2\/pages"}],"about":[{"href":"https:\/\/isfdyt43-bue.infd.edu.ar\/sitio\/wp-json\/wp\/v2\/types\/page"}],"author":[{"embeddable":true,"href":"https:\/\/isfdyt43-bue.infd.edu.ar\/sitio\/wp-json\/wp\/v2\/users\/65"}],"replies":[{"embeddable":true,"href":"https:\/\/isfdyt43-bue.infd.edu.ar\/sitio\/wp-json\/wp\/v2\/comments?post=849"}],"version-history":[{"count":18,"href":"https:\/\/isfdyt43-bue.infd.edu.ar\/sitio\/wp-json\/wp\/v2\/pages\/849\/revisions"}],"predecessor-version":[{"id":4695,"href":"https:\/\/isfdyt43-bue.infd.edu.ar\/sitio\/wp-json\/wp\/v2\/pages\/849\/revisions\/4695"}],"wp:attachment":[{"href":"https:\/\/isfdyt43-bue.infd.edu.ar\/sitio\/wp-json\/wp\/v2\/media?parent=849"}],"curies":[{"name":"wp","href":"https:\/\/api.w.org\/{rel}","templated":true}]}}