{"id":863,"date":"2018-07-02T18:53:11","date_gmt":"2018-07-02T21:53:11","guid":{"rendered":"https:\/\/isfdyt43-bue.infd.edu.ar\/sitio\/profesorado-de-historia\/"},"modified":"2023-11-08T21:47:02","modified_gmt":"2023-11-09T00:47:02","slug":"profesorado-de-historia","status":"publish","type":"page","link":"https:\/\/isfdyt43-bue.infd.edu.ar\/sitio\/profesorado-de-historia\/","title":{"rendered":"Profesorado de Historia"},"content":{"rendered":"<p><img decoding=\"async\" loading=\"lazy\" src=\"https:\/\/isfdyt43-bue.infd.edu.ar\/sitio\/wp-content\/uploads\/2018\/07\/BannersHistoria.jpg\" alt=\"Banners Historia\" width=\"798\" height=\"354\" border=\"0\" \/><\/p>\n<p style=\"text-align: center;\"><span style=\"font-family: verdana,geneva; font-size: 10pt; color: #339966;\"><strong>DURACI\u00d3N 4 a\u00f1os<\/strong><\/span><\/p>\n<p style=\"text-align: center;\"><span style=\"font-family: verdana,geneva; font-size: 10pt; color: #339966;\"><strong>Carrera de Ciclo Cerrado<\/strong><\/span><\/p>\n<p style=\"text-align: center;\"><span style=\"font-family: verdana,geneva; font-size: 10pt; color: #339966;\"><strong>REQUISITOS DE INGRESO: T\u00edtulo del Nivel Medio o Polimodal.<\/strong><\/span><\/p>\n<p style=\"text-align: center;\"><span style=\"font-family: verdana,geneva; font-size: 10pt; color: #339966;\"><strong>Resoluci\u00f3n Vieja N\u00b0 <a title=\"Historia\" href=\"upload\/025-03compi-historia.pdf\" target=\"_blank\" rel=\"noopener\">25\/03<\/a> y <a href=\"https:\/\/isfdyt43-bue.infd.edu.ar\/sitio\/wp-content\/uploads\/2023\/11\/13259-99modif-por-3581-00-historia.pdf\" target=\"_blank\" rel=\"noopener\">13259\/99 <\/a><\/strong><\/span><span style=\"font-family: verdana,geneva; font-size: 10pt; color: #339966;\"><strong>Turno Vespertino\u00a0 <\/strong><\/span><\/p>\n<p style=\"text-align: center;\"><span style=\"font-family: verdana,geneva; font-size: 10pt; color: #339966;\"><strong>Resoluci\u00f3n Nueva N\u00b0 <a href=\"https:\/\/abc.gob.ar\/secretarias\/sites\/default\/files\/2023-02\/IF-2022-40273352-GDEBA-SSEDGCYE%20HISTORIA_compressed.pdf\" target=\"_blank\" rel=\"noopener\">3609\/22 &#8211;<\/a><\/strong><\/span><span style=\"font-family: verdana,geneva; font-size: 10pt; color: #339966;\"><strong> Turno Ma\u00f1ana\u00a0 <\/strong><\/span><\/p>\n<p style=\"text-align: center;\"><span style=\"font-family: verdana,geneva; font-size: 10pt; color: #339966;\"><strong>Modalidad de Cursada: Presencial<br \/>\n<\/strong><\/span><\/p>\n<p style=\"text-align: justify;\"><span style=\"font-family: verdana,geneva; font-size: 10pt; color: #339966;\">El Profesor en Historia puede planificar, conducir y evaluar los procesos de ense\u00f1anza- aprendizaje de la historia en el nivel secundario. Tambi\u00e9n puede desarrollar actividades acad\u00e9micas relacionadas con la divulgaci\u00f3n o ense\u00f1anza de los diversos contenidos de la disciplina.<\/span><\/p>\n<p style=\"text-align: center;\">\n<table width=\"0\">\n<tbody>\n<tr>\n<td style=\"text-align: center;\" colspan=\"5\" width=\"888\"><strong>HORARIOS 2023<\/strong><\/td>\n<\/tr>\n<tr>\n<td colspan=\"5\" width=\"888\"><strong>PLAN NUEVO RES 3609\/22:<\/strong><\/p>\n<p>1er a\u00f1o Cursa Turno Ma\u00f1ana (Horarios aun no disponibles)<\/td>\n<\/tr>\n<tr>\n<td width=\"137\"><strong>PLAN VIEJO RES 25\/03 y 13259\/99:<\/strong><\/p>\n<p>Cursa Turno Vespertino (Tarde-Noche):<\/p>\n<p><strong><a href=\"https:\/\/drive.google.com\/file\/d\/1QWAe_yxeURut-6M8QruZwUtFkpWFotVd\/view?usp=share_link\" target=\"_blank\" rel=\"noopener\">Horarios 2do A\u00f1o<\/a><br \/>\n<a href=\"https:\/\/drive.google.com\/file\/d\/1RwKM8Is3mxbgHhr51wKkpNvPQx_P3gtV\/view?usp=share_link\" target=\"_blank\" rel=\"noopener\">Horarios 4to A\u00f1o<\/a><\/strong><\/td>\n<\/tr>\n<\/tbody>\n<\/table>\n","protected":false},"excerpt":{"rendered":"<p>DURACI\u00d3N 4 a\u00f1os Carrera de Ciclo Cerrado REQUISITOS DE INGRESO: T\u00edtulo del Nivel Medio o Polimodal. Resoluci\u00f3n Vieja N\u00b0 25\/03 y 13259\/99 Turno Vespertino\u00a0 Resoluci\u00f3n Nueva N\u00b0 3609\/22 &#8211; Turno Ma\u00f1ana\u00a0 Modalidad de Cursada: Presencial El Profesor en Historia puede planificar, conducir y evaluar los procesos de ense\u00f1anza- aprendizaje de la historia en el nivel &#8230; <a title=\"Profesorado de Historia\" class=\"read-more\" href=\"https:\/\/isfdyt43-bue.infd.edu.ar\/sitio\/profesorado-de-historia\/\" aria-label=\"More on Profesorado de Historia\">[+]<\/a><\/p>\n","protected":false},"author":65,"featured_media":0,"parent":0,"menu_order":0,"comment_status":"closed","ping_status":"closed","template":"","meta":[],"acf":[],"_links":{"self":[{"href":"https:\/\/isfdyt43-bue.infd.edu.ar\/sitio\/wp-json\/wp\/v2\/pages\/863"}],"collection":[{"href":"https:\/\/isfdyt43-bue.infd.edu.ar\/sitio\/wp-json\/wp\/v2\/pages"}],"about":[{"href":"https:\/\/isfdyt43-bue.infd.edu.ar\/sitio\/wp-json\/wp\/v2\/types\/page"}],"author":[{"embeddable":true,"href":"https:\/\/isfdyt43-bue.infd.edu.ar\/sitio\/wp-json\/wp\/v2\/users\/65"}],"replies":[{"embeddable":true,"href":"https:\/\/isfdyt43-bue.infd.edu.ar\/sitio\/wp-json\/wp\/v2\/comments?post=863"}],"version-history":[{"count":13,"href":"https:\/\/isfdyt43-bue.infd.edu.ar\/sitio\/wp-json\/wp\/v2\/pages\/863\/revisions"}],"predecessor-version":[{"id":3602,"href":"https:\/\/isfdyt43-bue.infd.edu.ar\/sitio\/wp-json\/wp\/v2\/pages\/863\/revisions\/3602"}],"wp:attachment":[{"href":"https:\/\/isfdyt43-bue.infd.edu.ar\/sitio\/wp-json\/wp\/v2\/media?parent=863"}],"curies":[{"name":"wp","href":"https:\/\/api.w.org\/{rel}","templated":true}]}}