{"id":867,"date":"2018-07-02T18:53:12","date_gmt":"2018-07-02T21:53:12","guid":{"rendered":"https:\/\/isfdyt43-bue.infd.edu.ar\/sitio\/tecnico-en-histologia\/"},"modified":"2018-09-25T21:06:01","modified_gmt":"2018-09-26T00:06:01","slug":"tecnico-en-histologia","status":"publish","type":"page","link":"https:\/\/isfdyt43-bue.infd.edu.ar\/sitio\/tecnico-en-histologia\/","title":{"rendered":"T\u00e9cnico en Histolog\u00eda"},"content":{"rendered":"<p><img decoding=\"async\" loading=\"lazy\" src=\"https:\/\/isfdyt43-bue.infd.edu.ar\/sitio\/wp-content\/uploads\/2018\/07\/BannersHistologia.jpg\" alt=\"Banner Histologia\" width=\"800\" height=\"283\" border=\"0\" \/><\/p>\n<p style=\"text-align: center;\"><span style=\"font-family: verdana,geneva; font-size: 10pt; color: #339966;\"><strong>DURACION: 3 a\u00f1os<\/strong><\/span><\/p>\n<p style=\"text-align: center;\"><span style=\"font-family: verdana,geneva; font-size: 10pt; color: #339966;\"><strong>Carrera de Ciclo Cerrado<\/strong><\/span><\/p>\n<p style=\"text-align: center;\"><span style=\"font-family: verdana,geneva; font-size: 10pt; color: #339966;\"><strong><span style=\"font-family: verdana,geneva; font-size: 10pt; color: #339966;\"><strong>Inicio: 2016 \/ Finaliza: 2018<\/strong><\/span><\/strong><\/span><\/p>\n<p style=\"text-align: center;\"><span style=\"font-family: verdana,geneva; font-size: 10pt; color: #339966;\"><strong>REQUISITOS DE INGRESO: T\u00edtulo del Nivel Medio o Polimodal.<\/strong><\/span><\/p>\n<p style=\"text-align: center;\"><span style=\"font-family: verdana,geneva; font-size: 10pt; color: #339966;\"><strong>Resoluci\u00f3n N\u00b0\u00a0<a title=\"Histologia\" href=\"upload\/3salud-histologia-res5142-03.pdf\" target=\"_blank\" rel=\"noopener\">5142\/03<\/a><\/strong><\/span><\/p>\n<p style=\"text-align: center;\"><span style=\"font-family: verdana,geneva; font-size: 10pt; color: #339966;\"><strong>Sede: Lobos &#8211; Turno: Vespertino<\/strong><\/span><\/p>\n<p style=\"text-align: justify;\"><strong style=\"color: #339966; font-family: verdana, geneva; font-size: 10pt;\"><span style=\"text-decoration: underline;\">Salida Laboral<\/span><\/strong><strong style=\"color: #339966; font-family: verdana, geneva; font-size: 10pt;\">:<\/strong><\/p>\n<p style=\"text-align: justify;\"><span style=\"font-family: verdana,geneva; font-size: 10pt; color: #339966;\"><strong>1. <\/strong>Laboratorios de anatom\u00eda patol\u00f3gica de hospitales p\u00fablicos y privados. Laboratorios privados de anatom\u00eda patol\u00f3gica a cargo de m\u00e9dicos anatomopat\u00f3logos.<\/span><\/p>\n<p style=\"text-align: justify;\"><span style=\"font-family: verdana,geneva; font-size: 10pt; color: #339966;\"><strong>2. <\/strong>Como personal de apoyo a la investigaci\u00f3n en el consejo Nacional de Investigaciones Cient\u00edficas y T\u00e9cnicas (CONICET), en laboratorios de investigaciones en Histolog\u00eda Animal y Vegetal (Bot\u00e1nica), a cargo de Investigadores<strong>.<\/strong><\/span><\/p>\n<p style=\"text-align: justify;\"><span style=\"font-family: verdana,geneva; font-size: 10pt; color: #339966;\"><strong>3. <\/strong>En centro de investigaci\u00f3n que requieran t\u00e9cnicos (histotecn\u00f3logos) que conozcan la teor\u00eda y destrezas en el manejo de t\u00e9cnicas histol\u00f3gicas de laboratorio, tales como INTA, SENASA, C\u00e1tedras de Histolog\u00eda Animal o Vegetal, C\u00e1tedras de Entomolog\u00eda -insectos- pertenecientes a las Universidades Nacionales<\/span><\/p>\n<p style=\"text-align: justify;\"><strong style=\"color: #339966; font-family: verdana, geneva; font-size: 10pt;\">Histolog\u00eda: <\/strong><span style=\"color: #339966; font-family: verdana, geneva; font-size: 10pt;\">Ciencia que estudia los Tejidos Biol\u00f3gicos. Estos tejidos pueden ser: humanos (anatom\u00eda patol\u00f3gica), de animales de laboratorio y mar, insectos y vegetales.<\/span><\/p>\n<p style=\"text-align: justify;\"><span style=\"font-family: verdana,geneva; font-size: 10pt; color: #339966;\"><strong>Histotecnolog\u00eda: <\/strong>disciplina tecnol\u00f3gica que aborda la teor\u00eda y practica concreta sobre el procesamiento de la muestra biol\u00f3gica para obtener un preparado histol\u00f3gico, el cual permite el diagn\u00f3stico al microscopio<\/span><\/p>\n<p style=\"text-align: justify;\"><span style=\"color: #339966; font-family: verdana, geneva; font-size: 10pt;\">La T\u00e9cnica Histol\u00f3gica comprende un conjunto de procedimientos metodol\u00f3gicos que abarcan desde la obtenci\u00f3n de la muestra en estudio, sea animal o vegetal, hasta su transformaci\u00f3n en un preparado histol\u00f3gico final que ser\u00e1 observado con microscopios \u00f3pticos o electr\u00f3nicos espec\u00edficos. Dichos procedimientos se encuentran encuadrados en una disciplina tecnol\u00f3gica conocida como Histotecnolog\u00eda, la cual se desarrolla en el campo de las aplicaciones con fines diagn\u00f3sticos, tanto en el \u00e1rea de la salud como de la investigaci\u00f3n biol\u00f3gica. Decimos que se trata de una disciplina tecnol\u00f3gica porque no es una ciencia en s\u00ed misma, ya que carece de m\u00e9todo y objeto propios de estudio (<\/span><a style=\"font-family: verdana, geneva; font-size: 10pt;\" href=\"http:\/\/www.ht.org.ar\/quees.htm\"><span style=\"color: #339966;\">Tomasi 1998<\/span><\/a><span style=\"color: #339966; font-family: verdana, geneva; font-size: 10pt;\">). Esta disciplina, m\u00e1s bien, se nutre de ciencias verdaderas que incluyen la Qu\u00edmica, Biolog\u00eda, Histolog\u00eda, Inmunolog\u00eda, entre otras, las cuales fundamentan desde sus contenidos te\u00f3ricos, la pr\u00e1ctica concreta de la Histotecnolog\u00eda (<\/span><a style=\"font-family: verdana, geneva; font-size: 10pt;\" href=\"http:\/\/www.ht.org.ar\/Rev.Soc.Arg.%20Histotec%201.205.pdf\"><span style=\"color: #339966;\">Tomasi et al., 2005<\/span><\/a><span style=\"color: #339966; font-family: verdana, geneva; font-size: 10pt;\">).<\/span><\/p>\n<p style=\"text-align: justify;\"><span style=\"font-family: verdana,geneva; font-size: 10pt; color: #339966;\">Sitios de Contactos sobre Histolog\u00eda:<\/span><\/p>\n<p style=\"text-align: justify;\"><span style=\"font-family: verdana,geneva; font-size: 10pt; color: #339966;\"><strong>Los pasos de la T\u00e9cnica Histol\u00f3gica son:<\/strong><\/p>\n<p><a href=\"http:\/\/www.educacionhistotecnologiafijacion.blogspot.com\/\"><span style=\"color: #339966;\">Fijaci\u00f3n del esp\u00e9cimen<\/span><\/a><br \/>\n<a href=\"http:\/\/www.educacionhistotecnologiainclusion.blogspot.com\/\"><span style=\"color: #339966;\">Inclusi\u00f3n en parafina\u00a0<\/span><\/a><br \/>\n<a href=\"http:\/\/www.educacionhistotecnologiainclusion.blogspot.com\/\"><span style=\"color: #339966;\">Seccionamiento con micr\u00f3tomo<\/span><\/a><br \/>\n<a href=\"http:\/\/educacionhistotecnologiacoloracio.blogspot.com\/\"><span style=\"color: #339966;\">Tinci\u00f3n del corte histol\u00f3gico<\/span><\/a><br \/>\nObservaci\u00f3n microsc\u00f3pica<br \/>\n<\/span><\/p>\n<p style=\"text-align: justify;\"><span style=\"font-family: verdana,geneva; font-size: 10pt; color: #339966;\"><a href=\"http:\/\/www.educacionhistotecnologia.blogspot.com.ar\/\" target=\"_blank\" rel=\"noopener\"><span style=\"color: #339966;\">http:\/\/www.educacionhistotecnologia.blogspot.com.ar\/<\/span><\/a><\/span><\/p>\n<p style=\"text-align: center;\"><span style=\"font-family: verdana,geneva; font-size: 10pt; color: #339966;\"><strong><a title=\"Plan Histologia\" href=\"upload\/Histologia_Plan.pdf\" target=\"_blank\" rel=\"noopener\">Plan de estudios<\/a><\/strong><\/span><\/p>\n","protected":false},"excerpt":{"rendered":"<p>DURACION: 3 a\u00f1os Carrera de Ciclo Cerrado Inicio: 2016 \/ Finaliza: 2018 REQUISITOS DE INGRESO: T\u00edtulo del Nivel Medio o Polimodal. Resoluci\u00f3n N\u00b0\u00a05142\/03 Sede: Lobos &#8211; Turno: Vespertino Salida Laboral: 1. Laboratorios de anatom\u00eda patol\u00f3gica de hospitales p\u00fablicos y privados. Laboratorios privados de anatom\u00eda patol\u00f3gica a cargo de m\u00e9dicos anatomopat\u00f3logos. 2. Como personal de apoyo &#8230; <a title=\"T\u00e9cnico en Histolog\u00eda\" class=\"read-more\" href=\"https:\/\/isfdyt43-bue.infd.edu.ar\/sitio\/tecnico-en-histologia\/\" aria-label=\"More on T\u00e9cnico en Histolog\u00eda\">[+]<\/a><\/p>\n","protected":false},"author":65,"featured_media":0,"parent":0,"menu_order":0,"comment_status":"closed","ping_status":"closed","template":"","meta":[],"acf":[],"_links":{"self":[{"href":"https:\/\/isfdyt43-bue.infd.edu.ar\/sitio\/wp-json\/wp\/v2\/pages\/867"}],"collection":[{"href":"https:\/\/isfdyt43-bue.infd.edu.ar\/sitio\/wp-json\/wp\/v2\/pages"}],"about":[{"href":"https:\/\/isfdyt43-bue.infd.edu.ar\/sitio\/wp-json\/wp\/v2\/types\/page"}],"author":[{"embeddable":true,"href":"https:\/\/isfdyt43-bue.infd.edu.ar\/sitio\/wp-json\/wp\/v2\/users\/65"}],"replies":[{"embeddable":true,"href":"https:\/\/isfdyt43-bue.infd.edu.ar\/sitio\/wp-json\/wp\/v2\/comments?post=867"}],"version-history":[{"count":1,"href":"https:\/\/isfdyt43-bue.infd.edu.ar\/sitio\/wp-json\/wp\/v2\/pages\/867\/revisions"}],"predecessor-version":[{"id":1207,"href":"https:\/\/isfdyt43-bue.infd.edu.ar\/sitio\/wp-json\/wp\/v2\/pages\/867\/revisions\/1207"}],"wp:attachment":[{"href":"https:\/\/isfdyt43-bue.infd.edu.ar\/sitio\/wp-json\/wp\/v2\/media?parent=867"}],"curies":[{"name":"wp","href":"https:\/\/api.w.org\/{rel}","templated":true}]}}