{"id":875,"date":"2018-07-02T18:53:16","date_gmt":"2018-07-02T21:53:16","guid":{"rendered":"https:\/\/isfdyt43-bue.infd.edu.ar\/sitio\/biblioteca\/"},"modified":"2022-04-19T18:59:39","modified_gmt":"2022-04-19T21:59:39","slug":"biblioteca","status":"publish","type":"page","link":"https:\/\/isfdyt43-bue.infd.edu.ar\/sitio\/biblioteca\/","title":{"rendered":"Biblioteca"},"content":{"rendered":"<h2 style=\"text-align: center;\"><strong>BIBLIOTECA ING. AGRONOMO ALBERTO O. BILO<\/strong><\/h2>\n<table>\n<tbody>\n<tr>\n<td colspan=\"6\" width=\"707\">\n<p style=\"text-align: center;\"><strong>HORARIO DE BIBLIOTECA<br \/>\n<\/strong><\/p>\n<\/td>\n<\/tr>\n<tr>\n<td width=\"111\">\n<p style=\"text-align: center;\"><strong>TURNO<\/strong><\/p>\n<\/td>\n<td width=\"116\">\n<p style=\"text-align: center;\"><strong>LUNES<\/strong><\/p>\n<\/td>\n<td width=\"118\">\n<p style=\"text-align: center;\"><strong>MARTES<\/strong><\/p>\n<\/td>\n<td width=\"127\">\n<p style=\"text-align: center;\"><strong>MIERCOLES<\/strong><\/p>\n<\/td>\n<td width=\"117\">\n<p style=\"text-align: center;\"><strong>JUEVES<\/strong><\/p>\n<\/td>\n<td width=\"118\">\n<p style=\"text-align: center;\"><strong>VIERNES<\/strong><\/p>\n<\/td>\n<\/tr>\n<tr>\n<td width=\"111\">\n<p style=\"text-align: center;\"><strong>MA\u00d1ANA<\/strong><\/p>\n<p style=\"text-align: center;\">(08:00 A 12:30)<\/p>\n<\/td>\n<td width=\"116\">\n<p style=\"text-align: center;\">PATRICIA<\/p>\n<\/td>\n<td width=\"118\">\n<p style=\"text-align: center;\">PATRICIA<\/p>\n<\/td>\n<td width=\"127\">\n<p style=\"text-align: center;\">M\u00d3NICA<\/p>\n<\/td>\n<td width=\"117\">\n<p style=\"text-align: center;\">M\u00d3NICA<\/p>\n<\/td>\n<td width=\"118\">\n<p style=\"text-align: center;\">PATRICIA<\/p>\n<\/td>\n<\/tr>\n<tr>\n<td width=\"111\">\n<p style=\"text-align: center;\"><strong>VESPERTINO<\/strong><\/p>\n<p style=\"text-align: center;\">(17:30 A 22:00)<\/p>\n<\/td>\n<td width=\"116\">\n<p style=\"text-align: center;\">M\u00d3NICA<\/p>\n<\/td>\n<td width=\"118\">\n<p style=\"text-align: center;\">M\u00d3NICA<\/p>\n<\/td>\n<td width=\"127\">\n<p style=\"text-align: center;\">PATRICIA<\/p>\n<\/td>\n<td width=\"117\">\n<p style=\"text-align: center;\">PATRICIA<\/p>\n<\/td>\n<td width=\"118\">\n<p style=\"text-align: center;\">M\u00d3NICA<\/p>\n<\/td>\n<\/tr>\n<\/tbody>\n<\/table>\n","protected":false},"excerpt":{"rendered":"<p>BIBLIOTECA ING. AGRONOMO ALBERTO O. BILO HORARIO DE BIBLIOTECA TURNO LUNES MARTES MIERCOLES JUEVES VIERNES MA\u00d1ANA (08:00 A 12:30) PATRICIA PATRICIA M\u00d3NICA M\u00d3NICA PATRICIA VESPERTINO (17:30 A 22:00) M\u00d3NICA M\u00d3NICA PATRICIA PATRICIA M\u00d3NICA<\/p>\n","protected":false},"author":65,"featured_media":0,"parent":0,"menu_order":0,"comment_status":"closed","ping_status":"closed","template":"","meta":[],"acf":[],"_links":{"self":[{"href":"https:\/\/isfdyt43-bue.infd.edu.ar\/sitio\/wp-json\/wp\/v2\/pages\/875"}],"collection":[{"href":"https:\/\/isfdyt43-bue.infd.edu.ar\/sitio\/wp-json\/wp\/v2\/pages"}],"about":[{"href":"https:\/\/isfdyt43-bue.infd.edu.ar\/sitio\/wp-json\/wp\/v2\/types\/page"}],"author":[{"embeddable":true,"href":"https:\/\/isfdyt43-bue.infd.edu.ar\/sitio\/wp-json\/wp\/v2\/users\/65"}],"replies":[{"embeddable":true,"href":"https:\/\/isfdyt43-bue.infd.edu.ar\/sitio\/wp-json\/wp\/v2\/comments?post=875"}],"version-history":[{"count":8,"href":"https:\/\/isfdyt43-bue.infd.edu.ar\/sitio\/wp-json\/wp\/v2\/pages\/875\/revisions"}],"predecessor-version":[{"id":2800,"href":"https:\/\/isfdyt43-bue.infd.edu.ar\/sitio\/wp-json\/wp\/v2\/pages\/875\/revisions\/2800"}],"wp:attachment":[{"href":"https:\/\/isfdyt43-bue.infd.edu.ar\/sitio\/wp-json\/wp\/v2\/media?parent=875"}],"curies":[{"name":"wp","href":"https:\/\/api.w.org\/{rel}","templated":true}]}}